{"id":646,"date":"2020-08-23T23:49:17","date_gmt":"2020-08-23T22:49:17","guid":{"rendered":"https:\/\/www.planetfanatics.hu\/corporate-sustainability\/"},"modified":"2020-08-26T12:38:45","modified_gmt":"2020-08-26T11:38:45","slug":"corporate-sustainability","status":"publish","type":"page","link":"https:\/\/www.planetfanatics.hu\/en\/corporate-sustainability\/","title":{"rendered":"CORPORATE SUSTAINABILITY"},"content":{"rendered":"<p>[et_pb_section fb_built=&#8221;1&#8243; fullwidth=&#8221;on&#8221; _builder_version=&#8221;4.5.7&#8243; _module_preset=&#8221;default&#8221;][et_pb_fullwidth_post_title meta=&#8221;off&#8221; featured_image=&#8221;off&#8221; text_color=&#8221;light&#8221; _builder_version=&#8221;4.5.7&#8243; _module_preset=&#8221;default&#8221; title_font=&#8221;|700||on|||||&#8221; title_text_align=&#8221;center&#8221; title_font_size=&#8221;32px&#8221; background_image=&#8221;https:\/\/www.planetfanatics.hu\/wp-content\/uploads\/2020\/08\/sustainability-header-bg-700&#215;242-1.jpg&#8221; background_blend=&#8221;overlay&#8221; custom_padding=&#8221;120px||120px||false|false&#8221;][\/et_pb_fullwidth_post_title][\/et_pb_section][et_pb_section fb_built=&#8221;1&#8243; admin_label=&#8221;section&#8221; _builder_version=&#8221;3.22&#8243;][et_pb_row column_structure=&#8221;3_5,2_5&#8243; admin_label=&#8221;row&#8221; _builder_version=&#8221;3.25&#8243; background_size=&#8221;initial&#8221; background_position=&#8221;top_left&#8221; background_repeat=&#8221;repeat&#8221;][et_pb_column type=&#8221;3_5&#8243; _builder_version=&#8221;3.25&#8243; custom_padding=&#8221;|||&#8221; custom_padding__hover=&#8221;|||&#8221;][et_pb_text admin_label=&#8221;Text&#8221; _builder_version=&#8221;4.5.8&#8243; background_size=&#8221;initial&#8221; background_position=&#8221;top_left&#8221; background_repeat=&#8221;repeat&#8221; hover_enabled=&#8221;0&#8243;]<\/p>\n<h4>INTERNATIONAL OBJECTIVES, TRENDS<\/h4>\n<p>The \u201croad we are walking\u201d leads the planet and society nowhere. Realizing this fact, world leaders decided at the UN summit held in 2015 that we need to pave new ones. They committed to end poverty, fight climate change and stand up against injustice.<\/p>\n<p>The UN Sustainability Development Goals, if achieved, will enable the whole world and billions of people around it to create a more livable future for themselves.<\/p>\n<h4>SUSTAINABLE DEVELOPMENT<\/h4>\n<p>Definition of sustainable development was released in the report &#8216;Our Common Future&#8217; in 1987 by the World Commission on Environment and Development (chaired by Gro Harlem Brundtland). According to the report &#8220;Sustainable development is development that meets the needs of the present without compromising the ability of future generations to meet their own needs&#8221;.<\/p>\n<h4>CORPORATE SUSTAINABILITY<\/h4>\n<p>Corporate sustainability is a business approach that increase the companie&#8217;s value in long-term (even its shareholder value) by embracing the opportunities and minimising the risks deriving from economic, social and environmental developments. Corporate sustainability leaders achieve long-term value by gearing their strategies and management to harness the market&#8217;s potential for sustainability products and services while at the same time successfully reducing and avoiding sustainability costs and risks. [source: Dow Jones Sustainability Index]<\/p>\n<p><strong>Topics of corporate sustainability<\/strong> according to the tripple bottom line are the following:<\/p>\n<p><span style=\"color: #5b8feb;\">ECONOMIC DIMENTSION<\/span><br \/>Corporate responsibility<br \/>Risk and crisis management<span style=\"color: #008080;\"><a href=\"https:\/\/www.planetfanatics.hu\/wp-content\/uploads\/2009\/11\/Slide1-300x225.jpg\" target=\"_blank\" rel=\"noopener noreferrer\"><img loading=\"lazy\" decoding=\"async\" class=\"alignright size-medium wp-image-104\" style=\"border: 0pt none;\" title=\"3 dimension\" src=\"https:\/\/www.planetfanatics.hu\/wp-content\/uploads\/2009\/11\/Slide1-300x225.jpg\" alt=\"\" width=\"300\" height=\"225\" \/><\/a><\/span><br \/>Ethics<br \/>Compliance<br \/>Corruption &amp; bribery<br \/>Consumers \/ customers<br \/>Brand<br \/>Products and services<\/p>\n<p><span style=\"color: #008080;\">ENVIRONMENTAL DIMENSION\u00a0<\/span><br \/>Environmental performance (eco-efficiency)<br \/>Environmental reporting<br \/>Environmental policy \/ management system<br \/>Climate strategy<\/p>\n<p><span style=\"color: #ff6600;\">SOCIAL DIMENSION<\/span><br \/>Employment practices<br \/>Human capital development<br \/>Talent attraction<br \/>Corporate citizenship, philantrophy<br \/>Social reporting<br \/>Stakeholder management<br \/>Supply chain management<\/p>\n<h4>MISCONCEPTIONS<\/h4>\n<p>As it is obvious based on the above with only painting a kindergarten&#8217;s fence a company does a very little for sustainability. In the same way donations for non-governmental organisation is not equal with CSR, neithert with sustainability, as it is just the part of it.<\/p>\n<p>These are small and even important steps, but they are not an reflecting a responsible overall operation and strategy integrated by the whole corporation. The company which operates resulting environmental damages, but in the meantime provides bountiful donations for green NGO-s, environmental programs, is the good example for green washing. In this example it is very possible that the companie&#8217;s benefit arising from environmental damage is much bigger than its costs on philantrophy.<\/p>\n<p>To corporate sustainability such applied theories contribute like sustainable development, corporate social responsibility (CSR), stakeholder theory and accountability.<\/p>\n<p>Corporate sustainability is a very complex, overall company-wide strategic and operational process. It can not be established from one day to other, but if there is a real intention, then step by step, with persistent work, it can create a long-term value for not just the company, but also for the society.<\/p>\n<p>[\/et_pb_text][\/et_pb_column][et_pb_column type=&#8221;2_5&#8243; _builder_version=&#8221;3.25&#8243; custom_padding=&#8221;|||&#8221; custom_padding__hover=&#8221;|||&#8221;][et_pb_sidebar area=&#8221;et_pb_widget_area_1&#8243; show_border=&#8221;off&#8221; _builder_version=&#8221;4.5.8&#8243; _module_preset=&#8221;default&#8221; min_height=&#8221;1339px&#8221; custom_margin=&#8221;0px||||false|false&#8221; custom_padding=&#8221;0px|||||&#8221;][\/et_pb_sidebar][\/et_pb_column][\/et_pb_row][\/et_pb_section]<\/p>\n","protected":false},"excerpt":{"rendered":"<p>INTERNATIONAL OBJECTIVES, TRENDS The \u201croad we are walking\u201d leads the planet and society nowhere. Realizing this fact, world leaders decided at the UN summit held in 2015 that we need to pave new ones. They committed to end poverty, fight climate change and stand up against injustice. The UN Sustainability Development Goals, if achieved, will [&hellip;]<\/p>\n","protected":false},"author":1,"featured_media":0,"parent":0,"menu_order":1,"comment_status":"open","ping_status":"open","template":"","meta":{"_et_pb_use_builder":"on","_et_pb_old_content":"<p><strong>Nemzetk\u00f6zi c\u00e9lok, trendek<\/strong><\/p><p>Az \u00fat, amin j\u00e1runk m\u00e1r tarthatatlan a Bolyg\u00f3 \u00e9s a T\u00e1rsadalom sz\u00e1m\u00e1ra is. Ezt felismerve a vil\u00e1g vezet\u0151i 2015-ben, az ENSZ-cs\u00facstal\u00e1lkoz\u00f3n meg\u00e1llapodtak abban, hogy \u00faj utak kellenek. Elk\u00f6telezt\u00e9k magukat amellett, hogy v\u00e9get vetnek a szeg\u00e9nys\u00e9gnek, megk\u00fczdenek a kl\u00edmav\u00e1ltoz\u00e1ssal \u00e9s harcolnak az igazs\u00e1gtalans\u00e1g ellen. Az ENSZ Fenntarthat\u00f3 Fejl\u0151d\u00e9si C\u00e9lok - ha megval\u00f3sulnak - \u00e9lhet\u0151bb j\u00f6v\u0151t k\u00edn\u00e1lnak a F\u00f6ld eg\u00e9sz\u00e9nek \u00e9s emberek milli\u00e1rdjainak vil\u00e1gszerte.<\/p><p><strong>Fenntarthat\u00f3 fejl\u0151d\u00e9s<\/strong><br \/>A fenntarthat\u00f3 fejl\u0151d\u00e9s defin\u00edci\u00f3ja az ENSZ K\u00f6rnyezet \u00e9s Fejl\u0151d\u00e9s Vil\u00e1gbizotts\u00e1ga (Gro Harlem Brundtland, norv\u00e9g minisztereln\u00f6kn\u0151 vezet\u00e9s\u00e9vel) 1987-ben \u201eK\u00f6z\u00f6s j\u00f6v\u0151nk\u201d c\u00edmmel kiadott jelent\u00e9s\u00e9ben jelent meg. A jelent\u00e9s defin\u00edci\u00f3: \u201ca fenntarthat\u00f3 fejl\u0151d\u00e9s olyan fejl\u0151d\u00e9s, amely kiel\u00e9g\u00edti a jelen sz\u00fcks\u00e9gleteit, an\u00e9lk\u00fcl, hogy vesz\u00e9lyeztetn\u00e9 a j\u00f6v\u0151 nemzed\u00e9kek es\u00e9ly\u00e9t arra, hogy \u0151k is kiel\u00e9g\u00edthess\u00e9k sz\u00fcks\u00e9gleteiket\u201d.<br \/>Egyszer\u0171bben megfogalmazva a fenntarthat\u00f3 fejl\u0151d\u00e9s a gazdas\u00e1gi, t\u00e1rsadalmi \u00e9s k\u00f6rnyezeti \u00e9rdekek harmoniz\u00e1ci\u00f3ja.<\/p><p><strong>V\u00e1llalati fenntarthat\u00f3s\u00e1g<\/strong><br \/>A v\u00e1llalati fenntarthat\u00f3s\u00e1g egy \u00fczleti megk\u00f6zel\u00edt\u00e9s, ami hossz\u00fat\u00e1von n\u00f6veli a v\u00e1llalat \u00e9rt\u00e9k\u00e9t (ak\u00e1r r\u00e9szv\u00e9ny\u00e9rt\u00e9k\u00e9t) az\u00e1ltal, hogy kiakn\u00e1zza a lehet\u0151s\u00e9geket \u00e9s cs\u00f6kkenti a kock\u00e1zatokat mind a gazdas\u00e1gi, k\u00f6rnyezeti \u00e9s t\u00e1rsadalmi fejl\u0151d\u00e9s t\u00e9ren. A v\u00e1llalati fenntarthat\u00f3s\u00e1g vezet\u0151i hossz\u00fa t\u00e1v\u00fa \u00e9rt\u00e9ket teremtenek az\u00e1ltal, hogy strat\u00e9gi\u00e1ikat \u00e9s menedzsmentj\u00fcket \u00fagy alak\u00edtj\u00e1k, hogy \u00e9lni tudnak a fenntarthat\u00f3 term\u00e9kek \u00e9s szolg\u00e1ltat\u00e1sok piaci lehet\u0151s\u00e9geivel, mik\u00f6zben sikeresen cs\u00f6kkentik \u00e9s elker\u00fclik a fenntarthat\u00f3s\u00e1g k\u00f6lts\u00e9geit \u00e9s kock\u00e1zatait. [forr\u00e1s: Dow Jones Sustainability Index]<\/p><p>A <strong>v\u00e1llalati fenntarthat\u00f3s\u00e1g t\u00e9mak\u00f6rei <\/strong>a h\u00e1rmas pill\u00e9r ment\u00e9n a k\u00f6vetkez\u0151k:<\/p><p><span style=\"color: #5b8feb;\"><strong>Gazdas\u00e1gi dimenzi\u00f3<\/strong><\/span><\/p><p>Felel\u0151s v\u00e1llalatir\u00e1ny\u00edt\u00e1s<br \/>Kock\u00e1zat- \u00e9s kr\u00edzismenedzsment<br \/>Etika \u00e9s m\u0171k\u00f6d\u00e9si k\u00f3dex<br \/>Megfelel\u0151s\u00e9g<br \/>Korrupci\u00f3 & megveszteget\u00e9s<br \/>\u00dcgyf\u00e9lmenedzsment<br \/>M\u00e1rkamenedzsment<br \/>Term\u00e9k-, szolg\u00e1ltat\u00e1sfejleszt\u00e9s<\/p><p><strong><span style=\"color: #008080;\">K\u00f6rnyezeti dimenzi\u00f3<a href=\"https:\/\/www.planetfanatics.hu\/wp-content\/uploads\/2009\/11\/fennt_2-300x272.jpg\" target=\"_blank\" rel=\"noopener noreferrer\"><img class=\"alignright size-medium wp-image-551\" title=\"v\u00e1llalati fenntarthat\u00f3s\u00e1g\" src=\"https:\/\/www.planetfanatics.hu\/wp-content\/uploads\/2009\/11\/fennt_2-300x272.jpg\" alt=\"v\u00e1llalati fenntarthat\u00f3s\u00e1g\" width=\"300\" height=\"272\" \/><\/a><\/span><br \/><\/strong>K\u00f6rnyezeti teljes\u00edtm\u00e9ny (\u00f6kohat\u00e9konys\u00e1g)<br \/>K\u00f6rnyezeti jelent\u00e9s<br \/>K\u00f6rnyezeti politika \/menedzsmentrendszer<br \/>Kl\u00edmastrat\u00e9gia<\/p><p><strong><span style=\"color: #ff6600;\">T\u00e1rsadalmi dimenzi\u00f3<\/span><br \/><\/strong>Munk\u00e1ltat\u00f3i gyakorlat<br \/>Hum\u00e1n t\u0151ke fejleszt\u00e9s<br \/>Tehets\u00e9gek vonz\u00e1sa \u00e9s megtart\u00e1sa<br \/>T\u00e1rsadalmi szerepv\u00e1llal\u00e1s, j\u00f3t\u00e9konys\u00e1g<br \/>T\u00e1rsadalmi jelent\u00e9s<br \/>\u00c9rdekelt felek figyelembev\u00e9tele<br \/>Sz\u00e1ll\u00edt\u00f3i sztenderdek<\/p><p><strong>T\u00e9vutak<\/strong><br \/>A fentiek alapj\u00e1n j\u00f3l l\u00e1that\u00f3, hogy azzal, ha egy v\u00e1llalat kifesti egy \u00f3voda ker\u00edt\u00e9s\u00e9t, m\u00e9g nagyon keveset tett fenntarthat\u00f3s\u00e1g\u00e1\u00e9rt. Ugyan\u00edgy nem \u00e1ll\u00edthat\u00f3 CSR-nak vagy fenntarthat\u00f3s\u00e1gnak az, ha egy v\u00e1llalat t\u00e1rsadalmi szervezetek programj\u00e1t t\u00e1mogatja.<\/p><p>Ezek kis \u00e9s ak\u00e1r fontos l\u00e9p\u00e9sek ugyan, de m\u00e9g nem tekinthet\u0151k a teljes v\u00e1llalatot \u00e1tfog\u00f3 m\u0171k\u00f6d\u00e9snek, strat\u00e9gi\u00e1nak. Az a v\u00e1llalat pedig, amelyik m\u0171k\u00f6d\u00e9s\u00e9ben a k\u00f6rnyezet puszt\u00edt\u00e1s\u00e1t \u00e9ri el, de k\u00f6zben nagylelk\u0171en p\u00e9nzeket adom\u00e1nyoz z\u00f6ldeknek, k\u00f6rnyezetv\u00e9delmi programoknak, a z\u00f6ldre fest\u00e9s \u00e9l\u0151 p\u00e9ld\u00e1i. Itt m\u00e9g az is val\u00f3sz\u00edn\u0171s\u00edthet\u0151, hogy a k\u00f6rnyezetpuszt\u00edt\u00e1sb\u00f3l sz\u00e1rmaz\u00f3 bev\u00e9tele a v\u00e1llalatnak nagys\u00e1grendekkel nagyobb, mint amit j\u00f3tettekre ford\u00edt.<\/p><p>A v\u00e1llalati fenntarthat\u00f3s\u00e1ghoz olyan alkalmazott elm\u00e9letek is hozz\u00e1j\u00e1rulnak, mint nem csak a fenntarthat\u00f3 fejl\u0151d\u00e9s, de a v\u00e1llalati t\u00e1rsadalmi felel\u0151ss\u00e9gv\u00e1llal\u00e1s (CSR), a stakeholder elm\u00e9let \u00e9s v\u00e1llalati elsz\u00e1moltathat\u00f3s\u00e1g (accountability).<\/p><p>A v\u00e1llalati fenntarthat\u00f3s\u00e1g nagyon komplex, a teljes v\u00e1llalati strukt\u00far\u00e1t \u00e9rint\u0151 strat\u00e9giai \u00e9s m\u0171k\u00f6d\u00e9si folyamat. Nem lehet egyik napr\u00f3l a m\u00e1sikra megval\u00f3s\u00edtani, de amennyiben a sz\u00e1nd\u00e9k val\u00f3s, akkor apr\u00f3 l\u00e9p\u00e9sekkel, kitart\u00f3 munk\u00e1val hossz\u00fat\u00e1v\u00fa \u00e9rt\u00e9keket teremthet a c\u00e9gnek \u00e9s az eg\u00e9sz t\u00e1rsadalomnak.<\/p>","_et_gb_content_width":"","footnotes":""},"_links":{"self":[{"href":"https:\/\/www.planetfanatics.hu\/en\/wp-json\/wp\/v2\/pages\/646"}],"collection":[{"href":"https:\/\/www.planetfanatics.hu\/en\/wp-json\/wp\/v2\/pages"}],"about":[{"href":"https:\/\/www.planetfanatics.hu\/en\/wp-json\/wp\/v2\/types\/page"}],"author":[{"embeddable":true,"href":"https:\/\/www.planetfanatics.hu\/en\/wp-json\/wp\/v2\/users\/1"}],"replies":[{"embeddable":true,"href":"https:\/\/www.planetfanatics.hu\/en\/wp-json\/wp\/v2\/comments?post=646"}],"version-history":[{"count":0,"href":"https:\/\/www.planetfanatics.hu\/en\/wp-json\/wp\/v2\/pages\/646\/revisions"}],"wp:attachment":[{"href":"https:\/\/www.planetfanatics.hu\/en\/wp-json\/wp\/v2\/media?parent=646"}],"curies":[{"name":"wp","href":"https:\/\/api.w.org\/{rel}","templated":true}]}}