{"id":3579,"date":"2025-09-08T04:21:12","date_gmt":"2025-09-08T02:21:12","guid":{"rendered":"https:\/\/www.planetfanatics.hu\/sustainable-corporate-operations\/"},"modified":"2025-09-08T04:25:11","modified_gmt":"2025-09-08T02:25:11","slug":"sustainable-corporate-operations","status":"publish","type":"page","link":"https:\/\/www.planetfanatics.hu\/en\/sustainable-corporate-operations\/","title":{"rendered":"Sustainable Corporate Operations"},"content":{"rendered":"<p>[et_pb_section fb_built=&#8221;1&#8243; admin_label=&#8221;Cover&#8221; _builder_version=&#8221;4.23.1&#8243; use_background_color_gradient=&#8221;on&#8221; background_color_gradient_direction=&#8221;72deg&#8221; background_color_gradient_stops=&#8221;#699e3c 0%|#cfff60 100%&#8221; background_color_gradient_start=&#8221;#1bb3eb&#8221; background_color_gradient_end=&#8221;#25efcb&#8221; background_image=&#8221;https:\/\/www.planetfanatics.hu\/wp-content\/uploads\/2025\/07\/Untitled-design-4.jpg&#8221; custom_padding=&#8221;110px|0px|110px|0px&#8221; global_colors_info=&#8221;{}&#8221;][et_pb_row _builder_version=&#8221;4.16&#8243; background_size=&#8221;initial&#8221; background_position=&#8221;top_left&#8221; background_repeat=&#8221;repeat&#8221; global_colors_info=&#8221;{}&#8221;][et_pb_column type=&#8221;4_4&#8243; _builder_version=&#8221;4.16&#8243; custom_padding=&#8221;60px|||&#8221; global_colors_info=&#8221;{}&#8221; custom_padding__hover=&#8221;|||&#8221;][et_pb_text _builder_version=&#8221;4.23.1&#8243; text_font=&#8221;||||||||&#8221; header_font=&#8221;Arial||||||||&#8221; header_text_color=&#8221;#486066&#8243; header_font_size=&#8221;56px&#8221; header_line_height=&#8221;1.3em&#8221; animation_style=&#8221;fade&#8221; header_font_size_tablet=&#8221;56px&#8221; header_font_size_phone=&#8221;38px&#8221; header_font_size_last_edited=&#8221;on|phone&#8221; global_colors_info=&#8221;{}&#8221;]<\/p>\n<h1 style=\"text-align: right;\"><strong>Sustainable Corporate Operations\u00a0 <\/strong><\/h1>\n<p>[\/et_pb_text][et_pb_text _builder_version=&#8221;4.23.1&#8243; text_font=&#8221;Poppins||||||||&#8221; text_text_color=&#8221;rgba(255,255,255,0.8)&#8221; text_font_size=&#8221;18px&#8221; text_line_height=&#8221;1.8em&#8221; header_2_font=&#8221;Arial||||||||&#8221; header_2_text_color=&#8221;#486066&#8243; animation_style=&#8221;fade&#8221; animation_delay=&#8221;100ms&#8221; global_colors_info=&#8221;{}&#8221;]<\/p>\n<h2 style=\"text-align: right;\">Embed Sustainability \u2013 At Every Level of Your Business!\u00a0<\/h2>\n<p>[\/et_pb_text][\/et_pb_column][\/et_pb_row][\/et_pb_section][et_pb_section fb_built=&#8221;1&#8243; admin_label=&#8221;Become a Member Section&#8221; _builder_version=&#8221;4.16&#8243; background_color=&#8221;#fafbfc&#8221; custom_padding=&#8221;110px|0px|110px|0px&#8221; global_colors_info=&#8221;{}&#8221;][et_pb_row _builder_version=&#8221;4.16&#8243; custom_padding=&#8221;|||&#8221; locked=&#8221;off&#8221; global_colors_info=&#8221;{}&#8221;][et_pb_column type=&#8221;4_4&#8243; _builder_version=&#8221;4.16&#8243; custom_padding=&#8221;|||&#8221; global_colors_info=&#8221;{}&#8221; custom_padding__hover=&#8221;|||&#8221;][et_pb_text _builder_version=&#8221;4.23.1&#8243; text_font=&#8221;||||||||&#8221; header_font=&#8221;||||||||&#8221; header_2_font=&#8221;Arial|500||on|||||&#8221; header_2_text_color=&#8221;rgba(0,0,0,0.4)&#8221; header_2_font_size=&#8221;16px&#8221; header_2_letter_spacing=&#8221;1px&#8221; header_2_line_height=&#8221;1.3em&#8221; custom_margin=&#8221;||20px|&#8221; saved_tabs=&#8221;all&#8221; locked=&#8221;off&#8221; global_colors_info=&#8221;{}&#8221;]<\/p>\n<h2>Corporate Governance\u00a0<\/h2>\n<p>[\/et_pb_text][et_pb_text _builder_version=&#8221;4.23.1&#8243; text_font=&#8221;Arial||||||||&#8221; text_text_color=&#8221;#486066&#8243; text_font_size=&#8221;15px&#8221; text_line_height=&#8221;1.8em&#8221; header_font=&#8221;||||||||&#8221; global_colors_info=&#8221;{}&#8221;]<\/p>\n<p>We help design and fine-tune corporate processes and systems that enable the integration of sustainability goals into daily operations. This includes the establishment of governance structures, responsible decision-making mechanisms, and ESG-compatible operational and internal regulatory frameworks that lead to more sustainable and transparent organizational operations.<\/p>\n<p>&nbsp;<\/p>\n<p>[\/et_pb_text][et_pb_button button_url=&#8221;mailto:mail@planetfanatics.hu?subject=Aj\u00e1nlatk\u00e9r\u00e9s:%20Fenntarthat\u00f3%20v\u00e1llalati%20m\u0171k\u00f6d\u00e9s&#8221; url_new_window=&#8221;on&#8221; button_text=&#8221;Request a Quote&#8221; button_alignment=&#8221;right&#8221; _builder_version=&#8221;4.23.1&#8243; custom_button=&#8221;on&#8221; button_text_size=&#8221;14px&#8221; button_text_color=&#8221;#74aa41&#8243; button_bg_color=&#8221;#ffffff&#8221; button_border_width=&#8221;0px&#8221; button_border_radius=&#8221;5px&#8221; button_font=&#8221;Arial|600||on|||||&#8221; button_use_icon=&#8221;off&#8221; background_layout=&#8221;dark&#8221; custom_margin=&#8221;|||&#8221; custom_padding=&#8221;12px|36px|12px|36px&#8221; animation_style=&#8221;fade&#8221; animation_delay=&#8221;200ms&#8221; box_shadow_style=&#8221;preset1&#8243; box_shadow_blur=&#8221;16px&#8221; box_shadow_color=&#8221;rgba(0,0,0,0.16)&#8221; button_letter_spacing_hover=&#8221;0&#8243; global_colors_info=&#8221;{}&#8221; button_text_size__hover_enabled=&#8221;off&#8221; button_one_text_size__hover_enabled=&#8221;off&#8221; button_two_text_size__hover_enabled=&#8221;off&#8221; button_text_color__hover_enabled=&#8221;off&#8221; button_one_text_color__hover_enabled=&#8221;off&#8221; button_two_text_color__hover_enabled=&#8221;off&#8221; button_border_width__hover_enabled=&#8221;off&#8221; button_one_border_width__hover_enabled=&#8221;off&#8221; button_two_border_width__hover_enabled=&#8221;off&#8221; button_border_color__hover_enabled=&#8221;off&#8221; button_one_border_color__hover_enabled=&#8221;off&#8221; button_two_border_color__hover_enabled=&#8221;off&#8221; button_border_radius__hover_enabled=&#8221;off&#8221; button_one_border_radius__hover_enabled=&#8221;off&#8221; button_two_border_radius__hover_enabled=&#8221;off&#8221; button_letter_spacing__hover_enabled=&#8221;on&#8221; button_letter_spacing__hover=&#8221;0&#8243; button_one_letter_spacing__hover_enabled=&#8221;off&#8221; button_two_letter_spacing__hover_enabled=&#8221;off&#8221; button_bg_color__hover_enabled=&#8221;off&#8221; button_one_bg_color__hover_enabled=&#8221;off&#8221; button_two_bg_color__hover_enabled=&#8221;off&#8221;][\/et_pb_button][\/et_pb_column][\/et_pb_row][et_pb_row column_structure=&#8221;1_2,1_2&#8243; _builder_version=&#8221;4.23.1&#8243; _module_preset=&#8221;default&#8221; collapsed=&#8221;off&#8221; global_colors_info=&#8221;{}&#8221;][et_pb_column type=&#8221;1_2&#8243; _builder_version=&#8221;4.23.1&#8243; _module_preset=&#8221;default&#8221; global_colors_info=&#8221;{}&#8221;][et_pb_text _builder_version=&#8221;4.23.1&#8243; text_font=&#8221;||||||||&#8221; header_font=&#8221;||||||||&#8221; header_3_font=&#8221;Arial|600|||||||&#8221; header_3_text_color=&#8221;#74aa41&#8243; header_3_font_size=&#8221;36px&#8221; header_3_line_height=&#8221;1.4em&#8221; header_5_font=&#8221;Arial||||||||&#8221; header_5_text_color=&#8221;#74aa41&#8243; global_colors_info=&#8221;{}&#8221;]<\/p>\n<h5><strong>What Do We Offer?\u00a0 <\/strong><\/h5>\n<p>[\/et_pb_text][et_pb_text _builder_version=&#8221;4.23.1&#8243; text_font=&#8221;Arial||||||||&#8221; text_text_color=&#8221;#486066&#8243; text_font_size=&#8221;15px&#8221; text_line_height=&#8221;1.8em&#8221; header_font=&#8221;||||||||&#8221; global_colors_info=&#8221;{}&#8221;]<\/p>\n<p>Integration of ESG principles into daily operations: designing processes, structures, and systems aligned with the sustainability goals.<\/p>\n<p>[\/et_pb_text][\/et_pb_column][et_pb_column type=&#8221;1_2&#8243; _builder_version=&#8221;4.23.1&#8243; _module_preset=&#8221;default&#8221; global_colors_info=&#8221;{}&#8221;][et_pb_text _builder_version=&#8221;4.23.1&#8243; text_font=&#8221;||||||||&#8221; header_font=&#8221;||||||||&#8221; header_3_font=&#8221;Arial|600|||||||&#8221; header_3_text_color=&#8221;#74aa41&#8243; header_3_font_size=&#8221;36px&#8221; header_3_line_height=&#8221;1.4em&#8221; header_5_font=&#8221;Arial||||||||&#8221; header_5_text_color=&#8221;#74aa41&#8243; global_colors_info=&#8221;{}&#8221;]<\/p>\n<h5><strong>How Do We Work?<\/strong><\/h5>\n<p>[\/et_pb_text][et_pb_text _builder_version=&#8221;4.23.1&#8243; text_font=&#8221;Arial||||||||&#8221; text_text_color=&#8221;#486066&#8243; text_font_size=&#8221;15px&#8221; text_line_height=&#8221;1.8em&#8221; header_font=&#8221;||||||||&#8221; global_colors_info=&#8221;{}&#8221;]<\/p>\n<ul>\n<li>We review operational processes based on ESG criteria,<\/li>\n<li>give recommendation on the optimization of governance structures,<\/li>\n<li>and review, supplement, and\/or add the missing policies and internal regulations.<\/li>\n<\/ul>\n<p>[\/et_pb_text][\/et_pb_column][\/et_pb_row][et_pb_row column_structure=&#8221;1_2,1_2&#8243; _builder_version=&#8221;4.23.1&#8243; _module_preset=&#8221;default&#8221; collapsed=&#8221;off&#8221; global_colors_info=&#8221;{}&#8221;][et_pb_column type=&#8221;1_2&#8243; _builder_version=&#8221;4.23.1&#8243; _module_preset=&#8221;default&#8221; global_colors_info=&#8221;{}&#8221;][et_pb_text _builder_version=&#8221;4.23.1&#8243; text_font=&#8221;||||||||&#8221; header_font=&#8221;||||||||&#8221; header_3_font=&#8221;Poppins|600|||||||&#8221; header_3_text_color=&#8221;#74aa41&#8243; header_3_font_size=&#8221;36px&#8221; header_3_line_height=&#8221;1.4em&#8221; header_5_text_color=&#8221;#74aa41&#8243; global_colors_info=&#8221;{}&#8221;]<\/p>\n<p><strong>\u00a0<\/strong><\/p>\n<p>[\/et_pb_text][et_pb_image src=&#8221;https:\/\/www.planetfanatics.hu\/wp-content\/uploads\/2025\/08\/6.jpg&#8221; title_text=&#8221;6&#8243; _builder_version=&#8221;4.23.1&#8243; _module_preset=&#8221;default&#8221; global_colors_info=&#8221;{}&#8221;][\/et_pb_image][\/et_pb_column][et_pb_column type=&#8221;1_2&#8243; _builder_version=&#8221;4.23.1&#8243; _module_preset=&#8221;default&#8221; global_colors_info=&#8221;{}&#8221;][et_pb_text _builder_version=&#8221;4.23.1&#8243; text_font=&#8221;||||||||&#8221; header_font=&#8221;||||||||&#8221; header_3_font=&#8221;Poppins|600|||||||&#8221; header_3_text_color=&#8221;#74aa41&#8243; header_3_font_size=&#8221;36px&#8221; header_3_line_height=&#8221;1.4em&#8221; header_5_font=&#8221;Arial||||||||&#8221; header_5_text_color=&#8221;#74aa41&#8243; global_colors_info=&#8221;{}&#8221;]<\/p>\n<h5><strong>This Service Is Ideal For&#8230;<\/strong><\/h5>\n<p>[\/et_pb_text][et_pb_text _builder_version=&#8221;4.23.1&#8243; text_font=&#8221;Arial||||||||&#8221; text_text_color=&#8221;#486066&#8243; text_font_size=&#8221;15px&#8221; text_line_height=&#8221;1.8em&#8221; header_font=&#8221;||||||||&#8221; global_colors_info=&#8221;{}&#8221;]<\/p>\n<ul>\n<li>companies, who want sustainability to be the foundation of their operations, not just theory,<\/li>\n<li>those, who want to build a functioning and responsible governance system,<\/li>\n<li>those, who seek measurable, sustainable results in their daily operations.<\/li>\n<\/ul>\n<p>[\/et_pb_text][\/et_pb_column][\/et_pb_row][et_pb_row _builder_version=&#8221;4.23.1&#8243; _module_preset=&#8221;default&#8221; global_colors_info=&#8221;{}&#8221;][et_pb_column type=&#8221;4_4&#8243; _builder_version=&#8221;4.23.1&#8243; _module_preset=&#8221;default&#8221; global_colors_info=&#8221;{}&#8221;][et_pb_text _builder_version=&#8221;4.23.1&#8243; text_font=&#8221;||||||||&#8221; header_font=&#8221;||||||||&#8221; header_3_font=&#8221;Arial|600|||||||&#8221; header_3_text_color=&#8221;#74aa41&#8243; header_3_font_size=&#8221;36px&#8221; header_3_line_height=&#8221;1.4em&#8221; global_colors_info=&#8221;{}&#8221;]<\/p>\n<h3>What Results Can You Expect?\u00a0<\/h3>\n<p>[\/et_pb_text][et_pb_text _builder_version=&#8221;4.23.1&#8243; text_font=&#8221;Arial||||||||&#8221; text_text_color=&#8221;#486066&#8243; text_font_size=&#8221;15px&#8221; text_line_height=&#8221;1.8em&#8221; header_font=&#8221;||||||||&#8221; global_colors_info=&#8221;{}&#8221;]<\/p>\n<ul>\n<li>Transparent operational structure with embedded sustainability elements,<\/li>\n<li>a development plan with concrete actions,<\/li>\n<li>internal regulations and policies that meet both national and international regulatory requirements,<\/li>\n<li>recommendations of KPIs for ESG integration.<\/li>\n<\/ul>\n<p>[\/et_pb_text][\/et_pb_column][\/et_pb_row][\/et_pb_section][et_pb_section fb_built=&#8221;1&#8243; admin_label=&#8221;Partnereink&#8221; _builder_version=&#8221;4.16&#8243; custom_padding=&#8221;110px|0px|110px|0px&#8221; global_colors_info=&#8221;{}&#8221;][et_pb_row _builder_version=&#8221;4.23.1&#8243; _module_preset=&#8221;default&#8221; global_colors_info=&#8221;{}&#8221;][et_pb_column type=&#8221;4_4&#8243; _builder_version=&#8221;4.23.1&#8243; _module_preset=&#8221;default&#8221; global_colors_info=&#8221;{}&#8221;][et_pb_text _builder_version=&#8221;4.23.1&#8243; text_font=&#8221;||||||||&#8221; header_font=&#8221;||||||||&#8221; header_3_font=&#8221;Poppins|600|||||||&#8221; header_3_text_color=&#8221;#74aa41&#8243; header_3_font_size=&#8221;36px&#8221; header_3_line_height=&#8221;1.4em&#8221; header_5_font=&#8221;Arial||||||||&#8221; header_5_text_color=&#8221;#74aa41&#8243; global_colors_info=&#8221;{}&#8221;]<\/p>\n<h5><strong>Let&#8217;s work together for your company&#8217;s success!\u00a0 <\/strong><\/h5>\n<p>[\/et_pb_text][et_pb_text admin_label=&#8221;Sz\u00f6veg&#8221; _builder_version=&#8221;4.23.1&#8243; text_font=&#8221;Arial||||||||&#8221; text_text_color=&#8221;#486066&#8243; text_font_size=&#8221;15px&#8221; text_line_height=&#8221;1.8em&#8221; header_font=&#8221;||||||||&#8221; global_colors_info=&#8221;{}&#8221;]<\/p>\n<p>If you believe we are the right partner, we are here to help your company become more sustainable and inclusive. Request a tailored offer for your corporate needs or discuss the possibilities in a free 30-minute online consultation.\u00a0\u00a0<\/p>\n<p>Phone: +36 30 444 1067\u00a0\u00a0<\/p>\n<p>Email: <a href=\"mailto:mail@planetfanatics.hu\">mail@planetfanatics.hu<\/a> \u00a0\u00a0<\/p>\n<p>sustainability. innovation. impact.\u00a0<\/p>\n<p>[\/et_pb_text][\/et_pb_column][\/et_pb_row][\/et_pb_section][et_pb_section fb_built=&#8221;1&#8243; admin_label=&#8221;Szakasz&#8221; _builder_version=&#8221;4.23.1&#8243; _module_preset=&#8221;default&#8221; use_background_color_gradient=&#8221;on&#8221; background_color_gradient_stops=&#8221;rgba(116,170,65,0.75) 0%|rgba(119,158,58,0.75) 100%&#8221; global_colors_info=&#8221;{}&#8221; global_module=&#8221;3570&#8243; theme_builder_area=&#8221;post_content&#8221;][et_pb_row column_structure=&#8221;1_4,1_2,1_4&#8243; admin_label=&#8221;30 perces free&#8221; _builder_version=&#8221;4.16&#8243; background_color=&#8221;#ffffff&#8221; custom_margin=&#8221;||60px|&#8221; custom_padding=&#8221;|40px||40px&#8221; animation_style=&#8221;fade&#8221; border_radii=&#8221;on|6px|6px|6px|6px&#8221; box_shadow_style=&#8221;preset1&#8243; box_shadow_vertical=&#8221;10px&#8221; box_shadow_blur=&#8221;24px&#8221; box_shadow_spread=&#8221;6px&#8221; box_shadow_color=&#8221;rgba(0,0,0,0.06)&#8221; global_colors_info=&#8221;{}&#8221; theme_builder_area=&#8221;post_content&#8221;][et_pb_column type=&#8221;1_4&#8243; _builder_version=&#8221;4.16&#8243; custom_padding=&#8221;|||&#8221; global_colors_info=&#8221;{}&#8221; custom_padding__hover=&#8221;|||&#8221; theme_builder_area=&#8221;post_content&#8221;][et_pb_image src=&#8221;https:\/\/www.planetfanatics.hu\/wp-content\/uploads\/2025\/08\/weboldal-21.png&#8221; title_text=&#8221;weboldal (21)&#8221; align=&#8221;center&#8221; align_tablet=&#8221;center&#8221; align_phone=&#8221;center&#8221; align_last_edited=&#8221;on|desktop&#8221; _builder_version=&#8221;4.23.1&#8243; global_colors_info=&#8221;{}&#8221; theme_builder_area=&#8221;post_content&#8221;][\/et_pb_image][\/et_pb_column][et_pb_column type=&#8221;1_2&#8243; _builder_version=&#8221;4.16&#8243; custom_padding=&#8221;|||&#8221; global_colors_info=&#8221;{}&#8221; custom_padding__hover=&#8221;|||&#8221; theme_builder_area=&#8221;post_content&#8221;][et_pb_text _builder_version=&#8221;4.23.1&#8243; text_font=&#8221;Arial||||||||&#8221; text_text_color=&#8221;#486066&#8243; text_font_size=&#8221;15px&#8221; text_line_height=&#8221;1.8em&#8221; header_font=&#8221;||||||||&#8221; header_3_font=&#8221;Arial|600|||||||&#8221; header_3_text_color=&#8221;#486066&#8243; header_3_font_size=&#8221;18px&#8221; header_3_line_height=&#8221;1.4em&#8221; header_5_font=&#8221;Arial||||||||&#8221; header_5_text_color=&#8221;#74aa41&#8243; locked=&#8221;off&#8221; global_colors_info=&#8221;{}&#8221; theme_builder_area=&#8221;post_content&#8221;]<\/p>\n<h3>Free 30-minute consultation<\/h3>\n<h5>You know you need something, but not sure what? We can guide you!<\/h5>\n<p>Corporate sustainability is a complex field with rapidly changing regulations. Many companies have just come out of compliance, others are facing new requirements. If you are unsure whether you are subject to the CSRD, whether you need to prepare an ESG report, or simply want to understand what services can help you, here is your chance to ask.<\/p>\n<h5>Free 30-minute online consultation<\/h5>\n<p>Book a time for an informal, 30-minute online conversation, where&#8230;<\/p>\n<ul>\n<li>we help interpret regulations relevant to your company,<\/li>\n<li>together we map your needs,<\/li>\n<li>and we set direction for your next steps.<\/li>\n<\/ul>\n<p><strong>No commitment, no cost \u2013 just a clearer picture and more confident decisions.<\/strong><\/p>\n<p>[\/et_pb_text][\/et_pb_column][et_pb_column type=&#8221;1_4&#8243; _builder_version=&#8221;4.16&#8243; custom_padding=&#8221;|||&#8221; global_colors_info=&#8221;{}&#8221; custom_padding__hover=&#8221;|||&#8221; theme_builder_area=&#8221;post_content&#8221;][et_pb_button button_url=&#8221;https:\/\/planet-fanatics-network-kft.reservio.com&#8221; url_new_window=&#8221;on&#8221; button_text=&#8221;Book your appointment&#8221; button_alignment=&#8221;left&#8221; _builder_version=&#8221;4.23.1&#8243; custom_button=&#8221;on&#8221; button_text_size=&#8221;14px&#8221; button_text_color=&#8221;#74aa41&#8243; button_border_width=&#8221;2px&#8221; button_border_color=&#8221;#74aa41&#8243; button_border_radius=&#8221;5px&#8221; button_font=&#8221;Arial|600||on|||||&#8221; button_use_icon=&#8221;off&#8221; background_layout=&#8221;dark&#8221; custom_margin=&#8221;|||&#8221; custom_padding=&#8221;12px|36px|12px|36px&#8221; button_letter_spacing_hover=&#8221;0&#8243; locked=&#8221;off&#8221; global_colors_info=&#8221;{}&#8221; button_text_size__hover_enabled=&#8221;off&#8221; button_one_text_size__hover_enabled=&#8221;off&#8221; button_two_text_size__hover_enabled=&#8221;off&#8221; button_text_color__hover_enabled=&#8221;off&#8221; button_one_text_color__hover_enabled=&#8221;off&#8221; button_two_text_color__hover_enabled=&#8221;off&#8221; button_border_width__hover_enabled=&#8221;off&#8221; button_one_border_width__hover_enabled=&#8221;off&#8221; button_two_border_width__hover_enabled=&#8221;off&#8221; button_border_color__hover_enabled=&#8221;off&#8221; button_one_border_color__hover_enabled=&#8221;off&#8221; button_two_border_color__hover_enabled=&#8221;off&#8221; button_border_radius__hover_enabled=&#8221;off&#8221; button_one_border_radius__hover_enabled=&#8221;off&#8221; button_two_border_radius__hover_enabled=&#8221;off&#8221; button_letter_spacing__hover_enabled=&#8221;on&#8221; button_letter_spacing__hover=&#8221;0&#8243; button_one_letter_spacing__hover_enabled=&#8221;off&#8221; button_two_letter_spacing__hover_enabled=&#8221;off&#8221; button_bg_color__hover_enabled=&#8221;off&#8221; button_one_bg_color__hover_enabled=&#8221;off&#8221; button_two_bg_color__hover_enabled=&#8221;off&#8221; theme_builder_area=&#8221;post_content&#8221;][\/et_pb_button][\/et_pb_column][\/et_pb_row][\/et_pb_section]<\/p>\n","protected":false},"excerpt":{"rendered":"<p>Sustainable Corporate Operations\u00a0 Embed Sustainability \u2013 At Every Level of Your Business!\u00a0Corporate Governance\u00a0We help design and fine-tune corporate processes and systems that enable the integration of sustainability goals into daily operations. This includes the establishment of governance structures, responsible decision-making mechanisms, and ESG-compatible operational and internal regulatory frameworks that lead to more sustainable and transparent [&hellip;]<\/p>\n","protected":false},"author":3,"featured_media":0,"parent":0,"menu_order":0,"comment_status":"closed","ping_status":"closed","template":"","meta":{"_et_pb_use_builder":"on","_et_pb_old_content":"","_et_gb_content_width":"","footnotes":""},"_links":{"self":[{"href":"https:\/\/www.planetfanatics.hu\/en\/wp-json\/wp\/v2\/pages\/3579"}],"collection":[{"href":"https:\/\/www.planetfanatics.hu\/en\/wp-json\/wp\/v2\/pages"}],"about":[{"href":"https:\/\/www.planetfanatics.hu\/en\/wp-json\/wp\/v2\/types\/page"}],"author":[{"embeddable":true,"href":"https:\/\/www.planetfanatics.hu\/en\/wp-json\/wp\/v2\/users\/3"}],"replies":[{"embeddable":true,"href":"https:\/\/www.planetfanatics.hu\/en\/wp-json\/wp\/v2\/comments?post=3579"}],"version-history":[{"count":2,"href":"https:\/\/www.planetfanatics.hu\/en\/wp-json\/wp\/v2\/pages\/3579\/revisions"}],"predecessor-version":[{"id":3583,"href":"https:\/\/www.planetfanatics.hu\/en\/wp-json\/wp\/v2\/pages\/3579\/revisions\/3583"}],"wp:attachment":[{"href":"https:\/\/www.planetfanatics.hu\/en\/wp-json\/wp\/v2\/media?parent=3579"}],"curies":[{"name":"wp","href":"https:\/\/api.w.org\/{rel}","templated":true}]}}